{"id":167,"date":"2024-04-26T22:47:23","date_gmt":"2024-04-26T22:47:23","guid":{"rendered":"https:\/\/apartamentjazz.pl\/?page_id=167"},"modified":"2024-08-26T19:35:27","modified_gmt":"2024-08-26T19:35:27","slug":"pierwszy-dlugi-artykul","status":"publish","type":"page","link":"https:\/\/apartamentjazz.pl\/index.php\/pierwszy-dlugi-artykul\/","title":{"rendered":"O nas"},"content":{"rendered":"\n<p>Obiekt znajduje si\u0119 w centrum Krynicy-Zdroju, na zboczu G\u00f3ry Parkowej, w s\u0105siedztwie dworca PKS i PKP, 5 min spacerem od Deptaku. Apartament Jazz jest przestronny, w pe\u0142ni wyposa\u017cony, m. in. w lod\u00f3wk\u0119, p\u0142yt\u0119 indukcyjn\u0105, piekarnik, zmywark\u0119, mikrofal\u00f3wk\u0119, ekspres do kawy, czajnik, suszark\u0119 do w\u0142os\u00f3w, pralk\u0119 oraz telewizor smart TV wraz z szybkim \u015bwiat\u0142owodowym internetem. Apartament z pi\u0119knym widokiem, bardzo s\u0142oneczny, komfortowy oraz stylowo urz\u0105dzony. Miejsce parkingowe przed obiektem, na w\u0142asnym terenie. Apartament znajduje si\u0119 w niedawno wyremontowanym budynku, w kt\u00f3rym s\u0105 trzy apartamenty.&nbsp;<\/p>\n\n\n\n<p>Apartament znajduje si\u0119 w spokojnej okolicy, w s\u0105siedztwie Ogrod\u00f3w \u017bywio\u0142\u00f3w na G\u00f3rze Parkowej.<\/p>\n\n\n\n<figure class=\"wp-block-image size-large is-style-default\"><img loading=\"lazy\" decoding=\"async\" width=\"1024\" height=\"684\" src=\"http:\/\/apartamentjazz.pl\/wp-content\/uploads\/2024\/04\/jazzsypialnia-9-1024x684.jpg\" alt=\"\" class=\"wp-image-93\" srcset=\"https:\/\/apartamentjazz.pl\/wp-content\/uploads\/2024\/04\/jazzsypialnia-9-1024x684.jpg 1024w, https:\/\/apartamentjazz.pl\/wp-content\/uploads\/2024\/04\/jazzsypialnia-9-300x200.jpg 300w, https:\/\/apartamentjazz.pl\/wp-content\/uploads\/2024\/04\/jazzsypialnia-9-768x513.jpg 768w, https:\/\/apartamentjazz.pl\/wp-content\/uploads\/2024\/04\/jazzsypialnia-9-1536x1025.jpg 1536w, https:\/\/apartamentjazz.pl\/wp-content\/uploads\/2024\/04\/jazzsypialnia-9.jpg 2000w\" sizes=\"auto, (max-width: 1024px) 100vw, 1024px\" \/><\/figure>\n\n\n\n<figure class=\"wp-block-gallery has-nested-images columns-default is-cropped wp-block-gallery-1 is-layout-flex wp-block-gallery-is-layout-flex\">\n<figure class=\"wp-block-image size-large\"><img loading=\"lazy\" decoding=\"async\" width=\"1024\" height=\"684\" data-id=\"156\" src=\"https:\/\/apartamentjazz.pl\/wp-content\/uploads\/2024\/04\/sypialnia-6-1024x684.jpg\" alt=\"\" class=\"wp-image-156\" srcset=\"https:\/\/apartamentjazz.pl\/wp-content\/uploads\/2024\/04\/sypialnia-6-1024x684.jpg 1024w, https:\/\/apartamentjazz.pl\/wp-content\/uploads\/2024\/04\/sypialnia-6-300x200.jpg 300w, https:\/\/apartamentjazz.pl\/wp-content\/uploads\/2024\/04\/sypialnia-6-768x513.jpg 768w, https:\/\/apartamentjazz.pl\/wp-content\/uploads\/2024\/04\/sypialnia-6-1536x1025.jpg 1536w, https:\/\/apartamentjazz.pl\/wp-content\/uploads\/2024\/04\/sypialnia-6.jpg 2000w\" sizes=\"auto, (max-width: 1024px) 100vw, 1024px\" \/><\/figure>\n<\/figure>\n","protected":false},"excerpt":{"rendered":"<p>Obiekt znajduje si\u0119 w centrum Krynicy-Zdroju, na zboczu G\u00f3ry Parkowej, w s\u0105siedztwie dworca PKS i PKP, 5 min spacerem od Deptaku. Apartament Jazz jest przestronny, w pe\u0142ni wyposa\u017cony, m. in. w lod\u00f3wk\u0119, p\u0142yt\u0119 indukcyjn\u0105, piekarnik, zmywark\u0119, mikrofal\u00f3wk\u0119, ekspres do kawy, czajnik, suszark\u0119 do w\u0142os\u00f3w, pralk\u0119 oraz telewizor smart TV wraz z szybkim \u015bwiat\u0142owodowym internetem. Apartament [&hellip;]<\/p>\n","protected":false},"author":1,"featured_media":0,"parent":0,"menu_order":0,"comment_status":"closed","ping_status":"closed","template":"","meta":{"footnotes":""},"class_list":["post-167","page","type-page","status-publish","hentry"],"_links":{"self":[{"href":"https:\/\/apartamentjazz.pl\/index.php\/wp-json\/wp\/v2\/pages\/167","targetHints":{"allow":["GET"]}}],"collection":[{"href":"https:\/\/apartamentjazz.pl\/index.php\/wp-json\/wp\/v2\/pages"}],"about":[{"href":"https:\/\/apartamentjazz.pl\/index.php\/wp-json\/wp\/v2\/types\/page"}],"author":[{"embeddable":true,"href":"https:\/\/apartamentjazz.pl\/index.php\/wp-json\/wp\/v2\/users\/1"}],"replies":[{"embeddable":true,"href":"https:\/\/apartamentjazz.pl\/index.php\/wp-json\/wp\/v2\/comments?post=167"}],"version-history":[{"count":4,"href":"https:\/\/apartamentjazz.pl\/index.php\/wp-json\/wp\/v2\/pages\/167\/revisions"}],"predecessor-version":[{"id":206,"href":"https:\/\/apartamentjazz.pl\/index.php\/wp-json\/wp\/v2\/pages\/167\/revisions\/206"}],"wp:attachment":[{"href":"https:\/\/apartamentjazz.pl\/index.php\/wp-json\/wp\/v2\/media?parent=167"}],"curies":[{"name":"wp","href":"https:\/\/api.w.org\/{rel}","templated":true}]}}